{"id":7544,"date":"2022-07-26T14:40:56","date_gmt":"2022-07-26T17:40:56","guid":{"rendered":"https:\/\/www.rasmussenprofessional.com\/produtos\/polvo-decolorante-pouch-enforced-blond-1kg\/"},"modified":"2022-07-26T14:40:56","modified_gmt":"2022-07-26T17:40:56","slug":"polvo-decolorante-pouch-enforced-blond-1kg","status":"publish","type":"product","link":"https:\/\/www.rasmussenprofessional.com\/es\/produtos\/polvo-decolorante-pouch-enforced-blond-1kg\/","title":{"rendered":"POLVO DECOLORANTE POUCH ENFORCED BLOND 1KG"},"content":{"rendered":"<p><strong>Polvo Decolorante Blond Enforced &#8211; Pouch 1 kg\u00a0<\/strong><\/p>\n<p>&nbsp;<\/p>\n<p><strong>Acci\u00f3n ultra r\u00e1pida<\/strong><\/p>\n<p>Decolorante Premium desarrollado con la m\u00e1s alta tecnolog\u00eda en envase Pouch de 1Kg que proporciona m\u00e1ximo rendimiento con menor agresi\u00f3n al cabello y mucho m\u00e1s ahorro. Permite variar t\u00e9cnicas proporcionando aperturas entre tonos c\u00e1lidos y fr\u00edos.<\/p>\n<p>&nbsp;<\/p>\n<p><strong>\u00a1Produce m\u00e1s con menor consumo de productos!<\/strong><\/p>\n<p>&nbsp;<\/p>\n<p>Adem\u00e1s de ofrecer una soluci\u00f3n altamente rentable en la aplicaci\u00f3n, la L\u00ednea Enforced tambi\u00e9n ahorra tu tiempo. \u00a1Esto porque tiene el menor \u00edndice de retoques del mercado con aclarado uniforme y eficiente en hasta 9 tonos y lo mejor, con resultados incre\u00edbles!<\/p>\n<p>L\u00ednea Enforced &#8211; la conexi\u00f3n directa con las t\u00e9cnicas que son Top Trends de los mejores profesionales de belleza!<\/p>\n<p>&nbsp;<\/p>\n<p><strong>Polvo Decolorante Blond Enforced<\/strong><\/p>\n<p>&nbsp;<\/p>\n<p>\u25ba\u00a0Dust Free<\/p>\n<p>\u25ba\u00a0Activos que proporcionan menor agresi\u00f3n al cabello<\/p>\n<p>\u25ba Envase econ\u00f3mico Pouch de 1 Kg<\/p>\n<p>\u25ba Fragancia suave<\/p>\n<p>\u25ba Mayor ahorro con menor \u00edndice de retoques<\/p>\n<p>&nbsp;<\/p>\n<p>PRODUCTO DE USO EXCLUSIVO PARA PROFESIONALES DE BELLEZA ESPECIALIZADOS<\/p>\n<p style=\"margin: 0cm; line-height: 150%;\">\n","protected":false},"excerpt":{"rendered":"<p>\u00a1La elecci\u00f3n inteligente para tu sal\u00f3n! Nuestro polvo decolorante premium garantiza un aclarado uniforme en hasta 9 tonos, con resultados incre\u00edbles y duraderos. La f\u00f3rmula innovadora proporciona m\u00e1ximo rendimiento y ahorro, ideal para profesionales que buscan resultados impecables.<\/p>\n","protected":false},"featured_media":7333,"comment_status":"closed","ping_status":"closed","template":"","meta":{"_joinchat":[]},"product_brand":[],"product_cat":[101,105],"product_tag":[109],"class_list":{"0":"post-7544","1":"product","2":"type-product","3":"status-publish","4":"has-post-thumbnail","6":"product_cat-descoloramiento","7":"product_cat-linea-pro-profesional","8":"product_tag-cabellos","10":"first","11":"outofstock","12":"taxable","13":"shipping-taxable","14":"purchasable","15":"product-type-simple"},"_links":{"self":[{"href":"https:\/\/www.rasmussenprofessional.com\/es\/wp-json\/wp\/v2\/product\/7544","targetHints":{"allow":["GET"]}}],"collection":[{"href":"https:\/\/www.rasmussenprofessional.com\/es\/wp-json\/wp\/v2\/product"}],"about":[{"href":"https:\/\/www.rasmussenprofessional.com\/es\/wp-json\/wp\/v2\/types\/product"}],"replies":[{"embeddable":true,"href":"https:\/\/www.rasmussenprofessional.com\/es\/wp-json\/wp\/v2\/comments?post=7544"}],"version-history":[{"count":0,"href":"https:\/\/www.rasmussenprofessional.com\/es\/wp-json\/wp\/v2\/product\/7544\/revisions"}],"wp:featuredmedia":[{"embeddable":true,"href":"https:\/\/www.rasmussenprofessional.com\/es\/wp-json\/wp\/v2\/media\/7333"}],"wp:attachment":[{"href":"https:\/\/www.rasmussenprofessional.com\/es\/wp-json\/wp\/v2\/media?parent=7544"}],"wp:term":[{"taxonomy":"product_brand","embeddable":true,"href":"https:\/\/www.rasmussenprofessional.com\/es\/wp-json\/wp\/v2\/product_brand?post=7544"},{"taxonomy":"product_cat","embeddable":true,"href":"https:\/\/www.rasmussenprofessional.com\/es\/wp-json\/wp\/v2\/product_cat?post=7544"},{"taxonomy":"product_tag","embeddable":true,"href":"https:\/\/www.rasmussenprofessional.com\/es\/wp-json\/wp\/v2\/product_tag?post=7544"}],"curies":[{"name":"wp","href":"https:\/\/api.w.org\/{rel}","templated":true}]}}