{"id":7543,"date":"2022-07-26T14:41:03","date_gmt":"2022-07-26T17:41:03","guid":{"rendered":"https:\/\/www.rasmussenprofessional.com\/produtos\/ox-enforced-30-vol-900ml\/"},"modified":"2022-07-26T14:41:03","modified_gmt":"2022-07-26T17:41:03","slug":"ox-enforced-30-vol-900ml","status":"publish","type":"product","link":"https:\/\/www.rasmussenprofessional.com\/es\/produtos\/ox-enforced-30-vol-900ml\/","title":{"rendered":"OX ENFORCED 30 VOL 900ml"},"content":{"rendered":"<p><strong>OX Enforced 30vol<\/strong><\/p>\n<p><strong>\u00a0<\/strong><\/p>\n<p>OX Enforced\u00a0\u00a0&#8211;\u00a0\u00a0Agua Oxigenada 30 vol &#8211; 900ml<\/p>\n<p>Oxidante con base cremosa y estabilizada, promueve una homogeneizaci\u00f3n r\u00e1pida y adecuada del producto a aplicar en los cabellos. Indicado para procedimientos de coloraci\u00f3n y decoloraci\u00f3n. Contiene Per\u00f3xido de Hidr\u00f3geno al 9%. Uso Profesional.<\/p>\n<p>PRODUCTO DE USO EXCLUSIVO PARA PROFESIONALES DE BELLEZA ESPECIALIZADOS<\/p>\n<p class=\"MsoNormal\" style=\"margin-bottom: 0cm; line-height: normal;\">\n","protected":false},"excerpt":{"rendered":"<p>OX Enforced 30vol: \u00a1Potencia y precisi\u00f3n para transformaciones radicales! Nuestra agua oxigenada cremosa garantiza una mezcla homog\u00e9nea con el polvo decolorante, proporcionando un aclarado intenso y uniforme en menos tiempo. Ideal para decoloraciones radicales y rubios platino.<\/p>\n","protected":false},"featured_media":7176,"comment_status":"closed","ping_status":"closed","template":"","meta":{"_joinchat":[]},"product_brand":[],"product_cat":[101,105],"product_tag":[109],"class_list":{"0":"post-7543","1":"product","2":"type-product","3":"status-publish","4":"has-post-thumbnail","6":"product_cat-descoloramiento","7":"product_cat-linea-pro-profesional","8":"product_tag-cabellos","10":"first","11":"instock","12":"taxable","13":"shipping-taxable","14":"purchasable","15":"product-type-simple"},"_links":{"self":[{"href":"https:\/\/www.rasmussenprofessional.com\/es\/wp-json\/wp\/v2\/product\/7543","targetHints":{"allow":["GET"]}}],"collection":[{"href":"https:\/\/www.rasmussenprofessional.com\/es\/wp-json\/wp\/v2\/product"}],"about":[{"href":"https:\/\/www.rasmussenprofessional.com\/es\/wp-json\/wp\/v2\/types\/product"}],"replies":[{"embeddable":true,"href":"https:\/\/www.rasmussenprofessional.com\/es\/wp-json\/wp\/v2\/comments?post=7543"}],"version-history":[{"count":0,"href":"https:\/\/www.rasmussenprofessional.com\/es\/wp-json\/wp\/v2\/product\/7543\/revisions"}],"wp:featuredmedia":[{"embeddable":true,"href":"https:\/\/www.rasmussenprofessional.com\/es\/wp-json\/wp\/v2\/media\/7176"}],"wp:attachment":[{"href":"https:\/\/www.rasmussenprofessional.com\/es\/wp-json\/wp\/v2\/media?parent=7543"}],"wp:term":[{"taxonomy":"product_brand","embeddable":true,"href":"https:\/\/www.rasmussenprofessional.com\/es\/wp-json\/wp\/v2\/product_brand?post=7543"},{"taxonomy":"product_cat","embeddable":true,"href":"https:\/\/www.rasmussenprofessional.com\/es\/wp-json\/wp\/v2\/product_cat?post=7543"},{"taxonomy":"product_tag","embeddable":true,"href":"https:\/\/www.rasmussenprofessional.com\/es\/wp-json\/wp\/v2\/product_tag?post=7543"}],"curies":[{"name":"wp","href":"https:\/\/api.w.org\/{rel}","templated":true}]}}