{"id":7513,"date":"2024-09-20T18:21:20","date_gmt":"2024-09-20T21:21:20","guid":{"rendered":"https:\/\/www.rasmussenprofessional.com\/produtos\/kit-home-care-repair-care-shampoo-acondicionador-250ml\/"},"modified":"2024-09-20T18:21:20","modified_gmt":"2024-09-20T21:21:20","slug":"kit-home-care-repair-care-shampoo-acondicionador-250ml","status":"publish","type":"product","link":"https:\/\/www.rasmussenprofessional.com\/es\/produtos\/kit-home-care-repair-care-shampoo-acondicionador-250ml\/","title":{"rendered":"KIT HOME CARE REPAIR CARE SHAMPOO + ACONDICIONADOR 250ML"},"content":{"rendered":"<p><strong>Repair Care Shampoo<\/strong><\/p>\n<p>Shampoo de uso profesional para reparaci\u00f3n y reconstrucci\u00f3n de cabellos resecos y da\u00f1ados. Limpieza delicada y efectiva que deja el cabello nutrido y profundamente hidratado. Desarrollado con Greenplex complex \u2013 complejo vegetal de acci\u00f3n restauradora para tratamiento de cabellos qu\u00edmicamente da\u00f1ados o resecos, garantizando una extraordinaria acci\u00f3n regeneradora de las fibras.<\/p>\n<p>&nbsp;<\/p>\n<p>\u25ba Elaborado con bioactivos naturales compuestos por extractos de agua de coco, extractos de tamarindo y extractos de semilla de quinoa, poderosas fuentes de hidrataci\u00f3n, nutrici\u00f3n y revitalizaci\u00f3n del cabello.<\/p>\n<p>\u25ba Repara profundamente los da\u00f1os tratando las fibras desde la ra\u00edz hasta las puntas, proporcionando intensa suavidad, fuerza y brillo al cabello.<\/p>\n<p>\u25ba F\u00f3rmula 100% vegana con activos naturales.<\/p>\n<p>&nbsp;<\/p>\n<p><strong>Acondicionador Repair Care 250ml<\/strong><\/p>\n<p>Acondicionador indicado para cabellos da\u00f1ados o qu\u00edmicamente tratados. Desarrollado con Greenplex complex \u2013 complejo vegetal de acci\u00f3n restauradora para tratamiento de cabellos qu\u00edmicamente da\u00f1ados o resecos, garantizando una extraordinaria acci\u00f3n regeneradora de las fibras.<\/p>\n<p>&nbsp;<\/p>\n<p>\u25ba Elaborado con bioactivos naturales compuestos por extractos de agua de coco, extractos de tamarindo y extractos de semilla de quinoa, poderosas fuentes de hidrataci\u00f3n, nutrici\u00f3n y revitalizaci\u00f3n del cabello.<\/p>\n<p>\u25ba Promueve el alineamiento y sellado de las cut\u00edculas de las fibras devolviendo brillo, suavidad e hidrataci\u00f3n al cabello.<\/p>\n<p>\u25ba Reposici\u00f3n hidrolip\u00eddica y proteica con activos 100% veganos y naturales.<\/p>\n<p class=\"MsoNormal\">\n","protected":false},"excerpt":{"rendered":"<p>\u00a1La l\u00ednea Repair Care transforma tu cabello! Prueba la combinaci\u00f3n perfecta del Shampoo Reparador y Acondicionador Reparador. Con Greenplex complex y extractos naturales, nuestros productos restauran la salud de las fibras, proporcionando hidrataci\u00f3n intensa, fuerza y brillo. \u00a1Cabello revitalizado y radiante! 100% vegano.<\/p>\n","protected":false},"featured_media":7231,"comment_status":"closed","ping_status":"closed","template":"","meta":{"_joinchat":[]},"product_brand":[],"product_cat":[104,103,107],"product_tag":[109,110,111,112,113],"class_list":{"0":"post-7513","1":"product","2":"type-product","3":"status-publish","4":"has-post-thumbnail","6":"product_cat-conjuntos","7":"product_cat-home-care","8":"product_cat-tratamiento","9":"product_tag-cabellos","10":"product_tag-cuidado-diario-es","11":"product_tag-fortalecimiento","12":"product_tag-reconstruccion","13":"product_tag-tratamiento-capilar","15":"first","16":"instock","17":"sale","18":"taxable","19":"shipping-taxable","20":"purchasable","21":"product-type-simple"},"_links":{"self":[{"href":"https:\/\/www.rasmussenprofessional.com\/es\/wp-json\/wp\/v2\/product\/7513","targetHints":{"allow":["GET"]}}],"collection":[{"href":"https:\/\/www.rasmussenprofessional.com\/es\/wp-json\/wp\/v2\/product"}],"about":[{"href":"https:\/\/www.rasmussenprofessional.com\/es\/wp-json\/wp\/v2\/types\/product"}],"replies":[{"embeddable":true,"href":"https:\/\/www.rasmussenprofessional.com\/es\/wp-json\/wp\/v2\/comments?post=7513"}],"version-history":[{"count":0,"href":"https:\/\/www.rasmussenprofessional.com\/es\/wp-json\/wp\/v2\/product\/7513\/revisions"}],"wp:featuredmedia":[{"embeddable":true,"href":"https:\/\/www.rasmussenprofessional.com\/es\/wp-json\/wp\/v2\/media\/7231"}],"wp:attachment":[{"href":"https:\/\/www.rasmussenprofessional.com\/es\/wp-json\/wp\/v2\/media?parent=7513"}],"wp:term":[{"taxonomy":"product_brand","embeddable":true,"href":"https:\/\/www.rasmussenprofessional.com\/es\/wp-json\/wp\/v2\/product_brand?post=7513"},{"taxonomy":"product_cat","embeddable":true,"href":"https:\/\/www.rasmussenprofessional.com\/es\/wp-json\/wp\/v2\/product_cat?post=7513"},{"taxonomy":"product_tag","embeddable":true,"href":"https:\/\/www.rasmussenprofessional.com\/es\/wp-json\/wp\/v2\/product_tag?post=7513"}],"curies":[{"name":"wp","href":"https:\/\/api.w.org\/{rel}","templated":true}]}}